{"id":82603,"date":"2025-07-23T17:14:10","date_gmt":"2025-07-23T15:14:10","guid":{"rendered":"http:\/\/youngandbrave.fr\/product\/turbo-newborn-leggings-rose-blush\/"},"modified":"2025-08-27T10:52:27","modified_gmt":"2025-08-27T08:52:27","slug":"turbo-newborn-leggings-rose-blush","status":"publish","type":"product","link":"https:\/\/youngandbrave.fr\/de\/shop\/baby-de\/turbo-newborn-leggings-rose-blush\/","title":{"rendered":"Turbo Newborn Leggings &#8211; Rose Blush"},"content":{"rendered":"","protected":false},"excerpt":{"rendered":"<p id=\"tw-target-text\" class=\"tw-data-text tw-text-large tw-ta\" dir=\"ltr\" data-placeholder=\"\u00dcbersetzung\" data-ved=\"2ahUKEwjJhYrny6qPAxV6yLsIHe-sIRsQ3ewLegQICRAV\" aria-label=\"\u00dcbersetzter Text: Weiche Jerseyhose aus Wolle und Seide von Minimalisma. Sie f\u00fchlt sich weich und kuschelig auf der zarten Haut Ihres Babys an. Der elastische Bund sorgt f\u00fcr eine bequeme und verstellbare Passform und erm\u00f6glicht so viel Bewegungsfreiheit und Spiel. Genie\u00dfen Sie die perfekte Balance aus W\u00e4rme und Atmungsaktivit\u00e4t mit dieser vielseitigen Hose \u2013 ideal f\u00fcr den Alltag oder als Nachtw\u00e4sche.\n\nQualit\u00e4t: 70 % Wolle, 30 % Seide\"><span class=\"Y2IQFc\" lang=\"de\">Weiche Jerseyhose aus Wolle und Seide von Minimalisma. Sie f\u00fchlt sich weich und kuschelig auf der zarten Haut Ihres Babys an. Der elastische Bund sorgt f\u00fcr eine bequeme und verstellbare Passform und erm\u00f6glicht so viel Bewegungsfreiheit und Spiel. Genie\u00dfen Sie die perfekte Balance aus W\u00e4rme und Atmungsaktivit\u00e4t mit dieser vielseitigen Hose \u2013 ideal f\u00fcr den Alltag oder als Nachtw\u00e4sche. <\/span><\/p>\n<p class=\"tw-data-text tw-text-large tw-ta\" dir=\"ltr\" data-placeholder=\"\u00dcbersetzung\" data-ved=\"2ahUKEwjJhYrny6qPAxV6yLsIHe-sIRsQ3ewLegQICRAV\" aria-label=\"\u00dcbersetzter Text: Weiche Jerseyhose aus Wolle und Seide von Minimalisma. Sie f\u00fchlt sich weich und kuschelig auf der zarten Haut Ihres Babys an. Der elastische Bund sorgt f\u00fcr eine bequeme und verstellbare Passform und erm\u00f6glicht so viel Bewegungsfreiheit und Spiel. Genie\u00dfen Sie die perfekte Balance aus W\u00e4rme und Atmungsaktivit\u00e4t mit dieser vielseitigen Hose \u2013 ideal f\u00fcr den Alltag oder als Nachtw\u00e4sche.\n\nQualit\u00e4t: 70 % Wolle, 30 % Seide\"><span class=\"Y2IQFc\" lang=\"de\">Qualit\u00e4t: 70 % Wolle, 30 % Seide<\/span><\/p>\n","protected":false},"featured_media":82598,"template":"","meta":[],"product_brand":[],"product_cat":[204],"product_tag":[388],"class_list":{"0":"post-82603","1":"product","2":"type-product","3":"status-publish","4":"has-post-thumbnail","6":"pwb-brand-minimalisma-de","7":"product_cat-baby-de","8":"product_tag-leggings-de","9":"description-off","11":"first","12":"instock","13":"taxable","14":"shipping-taxable","15":"purchasable","16":"product-type-simple","17":"add-to-wishlist-before_add_to_cart"},"_links":{"self":[{"href":"https:\/\/youngandbrave.fr\/de\/wp-json\/wp\/v2\/product\/82603","targetHints":{"allow":["GET"]}}],"collection":[{"href":"https:\/\/youngandbrave.fr\/de\/wp-json\/wp\/v2\/product"}],"about":[{"href":"https:\/\/youngandbrave.fr\/de\/wp-json\/wp\/v2\/types\/product"}],"version-history":[{"count":0,"href":"https:\/\/youngandbrave.fr\/de\/wp-json\/wp\/v2\/product\/82603\/revisions"}],"wp:featuredmedia":[{"embeddable":true,"href":"https:\/\/youngandbrave.fr\/de\/wp-json\/wp\/v2\/media\/82598"}],"wp:attachment":[{"href":"https:\/\/youngandbrave.fr\/de\/wp-json\/wp\/v2\/media?parent=82603"}],"wp:term":[{"taxonomy":"product_brand","embeddable":true,"href":"https:\/\/youngandbrave.fr\/de\/wp-json\/wp\/v2\/product_brand?post=82603"},{"taxonomy":"product_cat","embeddable":true,"href":"https:\/\/youngandbrave.fr\/de\/wp-json\/wp\/v2\/product_cat?post=82603"},{"taxonomy":"product_tag","embeddable":true,"href":"https:\/\/youngandbrave.fr\/de\/wp-json\/wp\/v2\/product_tag?post=82603"}],"curies":[{"name":"wp","href":"https:\/\/api.w.org\/{rel}","templated":true}]}}