{"id":82571,"date":"2025-08-26T16:32:11","date_gmt":"2025-08-26T14:32:11","guid":{"rendered":"http:\/\/youngandbrave.fr\/product\/choo-sweatshirt\/"},"modified":"2025-08-26T16:34:04","modified_gmt":"2025-08-26T14:34:04","slug":"choo-sweatshirt","status":"publish","type":"product","link":"https:\/\/youngandbrave.fr\/de\/shop\/baby-de\/choo-sweatshirt\/","title":{"rendered":"Choo Sweatshirt"},"content":{"rendered":"","protected":false},"excerpt":{"rendered":"<p id=\"tw-target-text\" class=\"tw-data-text tw-text-large tw-ta\" dir=\"ltr\" data-placeholder=\"\u00dcbersetzung\" data-ved=\"2ahUKEwiF_6iB1KiPAxWT_rsIHe8cIyYQ3ewLegQICRAV\" aria-label=\"\u00dcbersetzter Text: Rotes Sweatshirt. Mit langen \u00c4rmeln, \u00fcberschnittenen Schultern, Druckknopfverschluss, gerippten B\u00fcndchen, lockerer Passform, geripptem Saum, Rundhalsausschnitt und geb\u00fcrstetem Fleece auf der Innenseite. Hergestellt in Spanien.\n\nZusammensetzung: 88 % Bio-Baumwolle, 12 % recycelte Baumwolle.\"><span class=\"Y2IQFc\" lang=\"de\">Rotes Sweatshirt von Bobo Choses. Mit langen \u00c4rmeln, \u00fcberschnittenen Schultern, Druckknopfverschluss, gerippten B\u00fcndchen, lockerer Passform, geripptem Saum, Rundhalsausschnitt und geb\u00fcrstetem Fleece auf der Innenseite. Hergestellt in Spanien. <\/span><\/p>\n<p class=\"tw-data-text tw-text-large tw-ta\" dir=\"ltr\" data-placeholder=\"\u00dcbersetzung\" data-ved=\"2ahUKEwiF_6iB1KiPAxWT_rsIHe8cIyYQ3ewLegQICRAV\" aria-label=\"\u00dcbersetzter Text: Rotes Sweatshirt. Mit langen \u00c4rmeln, \u00fcberschnittenen Schultern, Druckknopfverschluss, gerippten B\u00fcndchen, lockerer Passform, geripptem Saum, Rundhalsausschnitt und geb\u00fcrstetem Fleece auf der Innenseite. Hergestellt in Spanien.\n\nZusammensetzung: 88 % Bio-Baumwolle, 12 % recycelte Baumwolle.\"><span class=\"Y2IQFc\" lang=\"de\">Zusammensetzung: 88 % Bio-Baumwolle, 12 % recycelte Baumwolle.<\/span><\/p>\n","protected":false},"featured_media":82566,"template":"","meta":[],"product_brand":[],"product_cat":[204],"product_tag":[910],"class_list":{"0":"post-82571","1":"product","2":"type-product","3":"status-publish","4":"has-post-thumbnail","6":"pwb-brand-bobo-choses-de","7":"product_cat-baby-de","8":"product_tag-sweatshirt-2","9":"description-off","11":"first","12":"instock","13":"taxable","14":"shipping-taxable","15":"purchasable","16":"product-type-variable","17":"add-to-wishlist-before_add_to_cart"},"_links":{"self":[{"href":"https:\/\/youngandbrave.fr\/de\/wp-json\/wp\/v2\/product\/82571","targetHints":{"allow":["GET"]}}],"collection":[{"href":"https:\/\/youngandbrave.fr\/de\/wp-json\/wp\/v2\/product"}],"about":[{"href":"https:\/\/youngandbrave.fr\/de\/wp-json\/wp\/v2\/types\/product"}],"version-history":[{"count":0,"href":"https:\/\/youngandbrave.fr\/de\/wp-json\/wp\/v2\/product\/82571\/revisions"}],"wp:featuredmedia":[{"embeddable":true,"href":"https:\/\/youngandbrave.fr\/de\/wp-json\/wp\/v2\/media\/82566"}],"wp:attachment":[{"href":"https:\/\/youngandbrave.fr\/de\/wp-json\/wp\/v2\/media?parent=82571"}],"wp:term":[{"taxonomy":"product_brand","embeddable":true,"href":"https:\/\/youngandbrave.fr\/de\/wp-json\/wp\/v2\/product_brand?post=82571"},{"taxonomy":"product_cat","embeddable":true,"href":"https:\/\/youngandbrave.fr\/de\/wp-json\/wp\/v2\/product_cat?post=82571"},{"taxonomy":"product_tag","embeddable":true,"href":"https:\/\/youngandbrave.fr\/de\/wp-json\/wp\/v2\/product_tag?post=82571"}],"curies":[{"name":"wp","href":"https:\/\/api.w.org\/{rel}","templated":true}]}}