{"id":81022,"date":"2025-06-20T11:34:10","date_gmt":"2025-06-20T09:34:10","guid":{"rendered":"http:\/\/youngandbrave.fr\/product\/fabric-cube-multi-colours\/"},"modified":"2025-06-20T11:37:13","modified_gmt":"2025-06-20T09:37:13","slug":"fabric-cube-multi-colours","status":"publish","type":"product","link":"https:\/\/youngandbrave.fr\/de\/shop\/spielen\/fabric-cube-multi-colours\/","title":{"rendered":"Stoffw\u00fcrfel Multi Colours"},"content":{"rendered":"","protected":false},"excerpt":{"rendered":"<p id=\"tw-target-text\" class=\"tw-data-text tw-text-large tw-ta\" dir=\"ltr\" data-placeholder=\"\u00dcbersetzung\" data-ved=\"2ahUKEwjOy4HB0P-NAxWq7AIHHX3-OYYQ3ewLegQICRAV\" aria-label=\"\u00dcbersetzter Text: Der Stoffw\u00fcrfel von Fabelab ist ideal f\u00fcr unterwegs und l\u00e4sst sich am Kinderwagen, am Bett oder am Autositz befestigen. So kann Ihr Kleines die verschiedenen sch\u00f6nen Farben, Texturen und Formen entdecken.\n\nMa\u00dfe: 12 x 12 x 12 cm\n\nQualit\u00e4t: 100 % Bio-Baumwolle, F\u00fcllung: 100 % Polyurethanschaum\nWaschanleitung: Handw\u00e4sche bei 30 \u00b0C \u2013 Nicht im Trockner trocknen \u2013 Nicht b\u00fcgeln \u2013 Nicht bleichen \u2013 Nicht chemisch reinigen\"><span class=\"Y2IQFc\" lang=\"de\">Der Stoffw\u00fcrfel von Fabelab ist ideal f\u00fcr unterwegs und l\u00e4sst sich am Kinderwagen, am Bett oder am Autositz befestigen. So kann Ihr Kleines die verschiedenen sch\u00f6nen Farben, Texturen und Formen entdecken. <\/span><\/p>\n<p class=\"tw-data-text tw-text-large tw-ta\" dir=\"ltr\" data-placeholder=\"\u00dcbersetzung\" data-ved=\"2ahUKEwjOy4HB0P-NAxWq7AIHHX3-OYYQ3ewLegQICRAV\" aria-label=\"\u00dcbersetzter Text: Der Stoffw\u00fcrfel von Fabelab ist ideal f\u00fcr unterwegs und l\u00e4sst sich am Kinderwagen, am Bett oder am Autositz befestigen. So kann Ihr Kleines die verschiedenen sch\u00f6nen Farben, Texturen und Formen entdecken.\n\nMa\u00dfe: 12 x 12 x 12 cm\n\nQualit\u00e4t: 100 % Bio-Baumwolle, F\u00fcllung: 100 % Polyurethanschaum\nWaschanleitung: Handw\u00e4sche bei 30 \u00b0C \u2013 Nicht im Trockner trocknen \u2013 Nicht b\u00fcgeln \u2013 Nicht bleichen \u2013 Nicht chemisch reinigen\"><span class=\"Y2IQFc\" lang=\"de\">Ma\u00dfe: 12 x 12 x 12 cm <\/span><\/p>\n<p class=\"tw-data-text tw-text-large tw-ta\" dir=\"ltr\" data-placeholder=\"\u00dcbersetzung\" data-ved=\"2ahUKEwjOy4HB0P-NAxWq7AIHHX3-OYYQ3ewLegQICRAV\" aria-label=\"\u00dcbersetzter Text: Der Stoffw\u00fcrfel von Fabelab ist ideal f\u00fcr unterwegs und l\u00e4sst sich am Kinderwagen, am Bett oder am Autositz befestigen. So kann Ihr Kleines die verschiedenen sch\u00f6nen Farben, Texturen und Formen entdecken.\n\nMa\u00dfe: 12 x 12 x 12 cm\n\nQualit\u00e4t: 100 % Bio-Baumwolle, F\u00fcllung: 100 % Polyurethanschaum\nWaschanleitung: Handw\u00e4sche bei 30 \u00b0C \u2013 Nicht im Trockner trocknen \u2013 Nicht b\u00fcgeln \u2013 Nicht bleichen \u2013 Nicht chemisch reinigen\"><span class=\"Y2IQFc\" lang=\"de\">Qualit\u00e4t: 100 % Bio-Baumwolle, F\u00fcllung: 100 % Polyurethanschaum Waschanleitung: Handw\u00e4sche bei 30 \u00b0C \u2013 Nicht im Trockner trocknen \u2013 Nicht b\u00fcgeln \u2013 Nicht bleichen \u2013 Nicht chemisch reinigen<\/span><\/p>\n","protected":false},"featured_media":81017,"template":"","meta":[],"product_brand":[],"product_cat":[210],"product_tag":[3055,3056],"class_list":{"0":"post-81022","1":"product","2":"type-product","3":"status-publish","4":"has-post-thumbnail","6":"pwb-brand-fabelab-de","7":"product_cat-spielen","8":"product_tag-cube-de","9":"product_tag-fabric-cube-de","10":"description-off","12":"first","13":"instock","14":"taxable","15":"shipping-taxable","16":"purchasable","17":"product-type-simple","18":"add-to-wishlist-before_add_to_cart"},"_links":{"self":[{"href":"https:\/\/youngandbrave.fr\/de\/wp-json\/wp\/v2\/product\/81022","targetHints":{"allow":["GET"]}}],"collection":[{"href":"https:\/\/youngandbrave.fr\/de\/wp-json\/wp\/v2\/product"}],"about":[{"href":"https:\/\/youngandbrave.fr\/de\/wp-json\/wp\/v2\/types\/product"}],"version-history":[{"count":0,"href":"https:\/\/youngandbrave.fr\/de\/wp-json\/wp\/v2\/product\/81022\/revisions"}],"wp:featuredmedia":[{"embeddable":true,"href":"https:\/\/youngandbrave.fr\/de\/wp-json\/wp\/v2\/media\/81017"}],"wp:attachment":[{"href":"https:\/\/youngandbrave.fr\/de\/wp-json\/wp\/v2\/media?parent=81022"}],"wp:term":[{"taxonomy":"product_brand","embeddable":true,"href":"https:\/\/youngandbrave.fr\/de\/wp-json\/wp\/v2\/product_brand?post=81022"},{"taxonomy":"product_cat","embeddable":true,"href":"https:\/\/youngandbrave.fr\/de\/wp-json\/wp\/v2\/product_cat?post=81022"},{"taxonomy":"product_tag","embeddable":true,"href":"https:\/\/youngandbrave.fr\/de\/wp-json\/wp\/v2\/product_tag?post=81022"}],"curies":[{"name":"wp","href":"https:\/\/api.w.org\/{rel}","templated":true}]}}