{"id":80456,"date":"2025-05-27T15:59:06","date_gmt":"2025-05-27T13:59:06","guid":{"rendered":"http:\/\/youngandbrave.fr\/product\/so-cute-bathrobe-latte\/"},"modified":"2025-05-27T16:15:09","modified_gmt":"2025-05-27T14:15:09","slug":"so-cute-bathrobe-latte","status":"publish","type":"product","link":"https:\/\/youngandbrave.fr\/de\/shop\/kinder\/so-cute-bathrobe-latte\/","title":{"rendered":"So Cute Bademantel &#8211; Latte"},"content":{"rendered":"","protected":false},"excerpt":{"rendered":"<p>Der niedliche Bademantel aus Bio-Baumwolle von Nobodinoz. Er l\u00e4sst sich leicht an- und ausziehen, und Ihr Kind wird sich in dem extraweichen und saugf\u00e4higen Bademantel wohlf\u00fchlen. Der Bademantel erm\u00f6glicht ein schnelles Trocknen, h\u00e4lt warm und bietet Komfort nach dem Baden oder Schwimmen. Mit zwei Taschen und einer Kapuze mit Bommel. Empfohlenes Alter: 5-7 Jahre.<\/p>\n<p>Abmessungen: 42 x 66 cm<\/p>\n<p>Materialien: Obermaterial: 94% Baumwolle 6% Polyester; Zubeh\u00f6r: 100% Acryl<br \/>\nWaschanleitung: 30\u00ba Schonwaschgang; nicht bleichen; nicht chemisch reinigen; niedrig b\u00fcgeln; niedrig tumbeln<\/p>\n","protected":false},"featured_media":80453,"template":"","meta":[],"product_brand":[],"product_cat":[207],"product_tag":[2412],"class_list":{"0":"post-80456","1":"product","2":"type-product","3":"status-publish","4":"has-post-thumbnail","6":"pwb-brand-nobodinoz-de","7":"product_cat-kinder","8":"product_tag-bathrobe-de","9":"description-off","11":"first","12":"instock","13":"taxable","14":"shipping-taxable","15":"purchasable","16":"product-type-variable","17":"add-to-wishlist-before_add_to_cart"},"_links":{"self":[{"href":"https:\/\/youngandbrave.fr\/de\/wp-json\/wp\/v2\/product\/80456","targetHints":{"allow":["GET"]}}],"collection":[{"href":"https:\/\/youngandbrave.fr\/de\/wp-json\/wp\/v2\/product"}],"about":[{"href":"https:\/\/youngandbrave.fr\/de\/wp-json\/wp\/v2\/types\/product"}],"version-history":[{"count":0,"href":"https:\/\/youngandbrave.fr\/de\/wp-json\/wp\/v2\/product\/80456\/revisions"}],"wp:featuredmedia":[{"embeddable":true,"href":"https:\/\/youngandbrave.fr\/de\/wp-json\/wp\/v2\/media\/80453"}],"wp:attachment":[{"href":"https:\/\/youngandbrave.fr\/de\/wp-json\/wp\/v2\/media?parent=80456"}],"wp:term":[{"taxonomy":"product_brand","embeddable":true,"href":"https:\/\/youngandbrave.fr\/de\/wp-json\/wp\/v2\/product_brand?post=80456"},{"taxonomy":"product_cat","embeddable":true,"href":"https:\/\/youngandbrave.fr\/de\/wp-json\/wp\/v2\/product_cat?post=80456"},{"taxonomy":"product_tag","embeddable":true,"href":"https:\/\/youngandbrave.fr\/de\/wp-json\/wp\/v2\/product_tag?post=80456"}],"curies":[{"name":"wp","href":"https:\/\/api.w.org\/{rel}","templated":true}]}}