{"id":80301,"date":"2025-05-17T12:29:51","date_gmt":"2025-05-17T10:29:51","guid":{"rendered":"http:\/\/youngandbrave.fr\/product\/kit-mini-seahorse-beach-set-seahorse-apple-blossom\/"},"modified":"2025-05-17T12:32:05","modified_gmt":"2025-05-17T10:32:05","slug":"kit-mini-seahorse-beach-set-seahorse-apple-blossom","status":"publish","type":"product","link":"https:\/\/youngandbrave.fr\/de\/shop\/spielen\/kit-mini-seahorse-beach-set-seahorse-apple-blossom\/","title":{"rendered":"Kit Mini Seepferdchen Strandset &#8211; Seahorse\/apple blossom"},"content":{"rendered":"","protected":false},"excerpt":{"rendered":"<p>Mini-Strandset mit Seepferdchen-Aufdruck von Liewood. Das Set besteht aus einem Mini-Eimer, einer Schaufel und zwei Sandf\u00f6rmchen. Auch f\u00fcr Wasserspiele im Planschbecken oder beim Baden zuhause geeignet.<br \/>\nHergestellt aus 100 % weichem und langlebigem Silikon.<\/p>\n<p>Abmessungen: Schaufel: Durchmesser (Cm) 10,4; H\u00f6he (Cm) 10,1. Schaufel: Breite (Cm) 5,2; L\u00e4nge (Cm) 16,4; H\u00f6he (Cm) 5,2. Krabbenstrandform: H\u00f6he (Cm) 2,4; L\u00e4nge (Cm) 11; Breite (Cm) 9,7. Fisch-Strandform: H\u00f6he (Cm) 2,4; L\u00e4nge (Cm) 11,1; Breite (Cm) 7,2<\/p>\n","protected":false},"featured_media":80300,"template":"","meta":[],"product_brand":[],"product_cat":[210],"product_tag":[2044],"class_list":{"0":"post-80301","1":"product","2":"type-product","3":"status-publish","4":"has-post-thumbnail","6":"pwb-brand-liewood-de","7":"product_cat-spielen","8":"product_tag-beach-set-de","9":"description-off","11":"first","12":"instock","13":"taxable","14":"shipping-taxable","15":"purchasable","16":"product-type-simple","17":"add-to-wishlist-before_add_to_cart"},"_links":{"self":[{"href":"https:\/\/youngandbrave.fr\/de\/wp-json\/wp\/v2\/product\/80301","targetHints":{"allow":["GET"]}}],"collection":[{"href":"https:\/\/youngandbrave.fr\/de\/wp-json\/wp\/v2\/product"}],"about":[{"href":"https:\/\/youngandbrave.fr\/de\/wp-json\/wp\/v2\/types\/product"}],"version-history":[{"count":0,"href":"https:\/\/youngandbrave.fr\/de\/wp-json\/wp\/v2\/product\/80301\/revisions"}],"wp:featuredmedia":[{"embeddable":true,"href":"https:\/\/youngandbrave.fr\/de\/wp-json\/wp\/v2\/media\/80300"}],"wp:attachment":[{"href":"https:\/\/youngandbrave.fr\/de\/wp-json\/wp\/v2\/media?parent=80301"}],"wp:term":[{"taxonomy":"product_brand","embeddable":true,"href":"https:\/\/youngandbrave.fr\/de\/wp-json\/wp\/v2\/product_brand?post=80301"},{"taxonomy":"product_cat","embeddable":true,"href":"https:\/\/youngandbrave.fr\/de\/wp-json\/wp\/v2\/product_cat?post=80301"},{"taxonomy":"product_tag","embeddable":true,"href":"https:\/\/youngandbrave.fr\/de\/wp-json\/wp\/v2\/product_tag?post=80301"}],"curies":[{"name":"wp","href":"https:\/\/api.w.org\/{rel}","templated":true}]}}