{"id":79941,"date":"2025-03-20T17:43:31","date_gmt":"2025-03-20T16:43:31","guid":{"rendered":"http:\/\/youngandbrave.fr\/product\/waterproof-changing-bag-gala-opera-green-tea\/"},"modified":"2025-05-05T14:24:21","modified_gmt":"2025-05-05T12:24:21","slug":"waterproof-changing-bag-gala-opera-green-tea","status":"publish","type":"product","link":"https:\/\/youngandbrave.fr\/de\/shop\/frauen\/waterproof-changing-bag-gala-opera-green-tea\/","title":{"rendered":"Waterproof changing bag Gala Opera &#8211; Green Tea"},"content":{"rendered":"","protected":false},"excerpt":{"rendered":"<div class=\"product attribute description\">\n<div class=\"value\">\n<p>Wasserdichte Umstandstasche Opera von Nobodinoz aus 100% Bio-Wabenstoff. Die Umstandstasche hat 3 Innentaschen, 2 Gummitaschen an der Seite und einen Rei\u00dfverschluss f\u00fcr sicheren Verschluss.<\/p>\n<p>Gr\u00f6\u00dfe: 29 x 46 x 20 cm<\/p>\n<p>Hergestellt in Spanien.<\/p>\n<p>Material: Au\u00dfenh\u00fclle: 100% Bio-Baumwolle; F\u00fcllung: 100% OEKOTEX Polyester; Futter: 100% Polyester wasserdicht<\/p>\n<\/div>\n<\/div>\n","protected":false},"featured_media":79938,"template":"","meta":[],"product_brand":[],"product_cat":[208],"product_tag":[1967],"class_list":{"0":"post-79941","1":"product","2":"type-product","3":"status-publish","4":"has-post-thumbnail","6":"pwb-brand-nobodinoz-de","7":"product_cat-frauen","8":"product_tag-changing-bag-de","9":"description-off","11":"first","12":"instock","13":"taxable","14":"shipping-taxable","15":"purchasable","16":"product-type-simple","17":"add-to-wishlist-before_add_to_cart"},"_links":{"self":[{"href":"https:\/\/youngandbrave.fr\/de\/wp-json\/wp\/v2\/product\/79941","targetHints":{"allow":["GET"]}}],"collection":[{"href":"https:\/\/youngandbrave.fr\/de\/wp-json\/wp\/v2\/product"}],"about":[{"href":"https:\/\/youngandbrave.fr\/de\/wp-json\/wp\/v2\/types\/product"}],"version-history":[{"count":0,"href":"https:\/\/youngandbrave.fr\/de\/wp-json\/wp\/v2\/product\/79941\/revisions"}],"wp:featuredmedia":[{"embeddable":true,"href":"https:\/\/youngandbrave.fr\/de\/wp-json\/wp\/v2\/media\/79938"}],"wp:attachment":[{"href":"https:\/\/youngandbrave.fr\/de\/wp-json\/wp\/v2\/media?parent=79941"}],"wp:term":[{"taxonomy":"product_brand","embeddable":true,"href":"https:\/\/youngandbrave.fr\/de\/wp-json\/wp\/v2\/product_brand?post=79941"},{"taxonomy":"product_cat","embeddable":true,"href":"https:\/\/youngandbrave.fr\/de\/wp-json\/wp\/v2\/product_cat?post=79941"},{"taxonomy":"product_tag","embeddable":true,"href":"https:\/\/youngandbrave.fr\/de\/wp-json\/wp\/v2\/product_tag?post=79941"}],"curies":[{"name":"wp","href":"https:\/\/api.w.org\/{rel}","templated":true}]}}