{"id":79861,"date":"2025-04-28T15:11:12","date_gmt":"2025-04-28T13:11:12","guid":{"rendered":"http:\/\/youngandbrave.fr\/product\/rainy-palme-set-sweet-and-sour\/"},"modified":"2025-04-28T15:14:16","modified_gmt":"2025-04-28T13:14:16","slug":"rainy-palme-set-sweet-and-sour","status":"publish","type":"product","link":"https:\/\/youngandbrave.fr\/de\/shop\/baby-de\/rainy-palme-set-sweet-and-sour\/","title":{"rendered":"Regenset &#8211; Sweet and sour"},"content":{"rendered":"","protected":false},"excerpt":{"rendered":"<p>Winddichtes und wasserresistentes PU-Regenset von Konges Sl\u00f8jd. Mit praktischen Details wie einer abnehmbaren, gef\u00fctterten Kapuze, elastischen \u00c4rmelb\u00fcndchen und verschwei\u00dften N\u00e4hten f\u00fcr umfassenden Schutz vor Wind und Wetter.<br \/>\nHergestellt aus: Obermaterial: 100% Polyurethan (PU)<br \/>\nProdukteigenschaften: Wasserdicht (10.000 mm), Verschwei\u00dfte N\u00e4hte, Winddicht<\/p>\n","protected":false},"featured_media":79855,"template":"","meta":[],"product_brand":[],"product_cat":[204,207],"product_tag":[1973],"class_list":{"0":"post-79861","1":"product","2":"type-product","3":"status-publish","4":"has-post-thumbnail","6":"pwb-brand-konges-slojd-de-2","7":"product_cat-baby-de","8":"product_cat-kinder","9":"product_tag-rainwear-de","10":"description-off","12":"first","13":"instock","14":"taxable","15":"shipping-taxable","16":"purchasable","17":"product-type-variable","18":"add-to-wishlist-before_add_to_cart"},"_links":{"self":[{"href":"https:\/\/youngandbrave.fr\/de\/wp-json\/wp\/v2\/product\/79861","targetHints":{"allow":["GET"]}}],"collection":[{"href":"https:\/\/youngandbrave.fr\/de\/wp-json\/wp\/v2\/product"}],"about":[{"href":"https:\/\/youngandbrave.fr\/de\/wp-json\/wp\/v2\/types\/product"}],"version-history":[{"count":0,"href":"https:\/\/youngandbrave.fr\/de\/wp-json\/wp\/v2\/product\/79861\/revisions"}],"wp:featuredmedia":[{"embeddable":true,"href":"https:\/\/youngandbrave.fr\/de\/wp-json\/wp\/v2\/media\/79855"}],"wp:attachment":[{"href":"https:\/\/youngandbrave.fr\/de\/wp-json\/wp\/v2\/media?parent=79861"}],"wp:term":[{"taxonomy":"product_brand","embeddable":true,"href":"https:\/\/youngandbrave.fr\/de\/wp-json\/wp\/v2\/product_brand?post=79861"},{"taxonomy":"product_cat","embeddable":true,"href":"https:\/\/youngandbrave.fr\/de\/wp-json\/wp\/v2\/product_cat?post=79861"},{"taxonomy":"product_tag","embeddable":true,"href":"https:\/\/youngandbrave.fr\/de\/wp-json\/wp\/v2\/product_tag?post=79861"}],"curies":[{"name":"wp","href":"https:\/\/api.w.org\/{rel}","templated":true}]}}