{"id":79719,"date":"2025-01-09T14:31:31","date_gmt":"2025-01-09T13:31:31","guid":{"rendered":"http:\/\/youngandbrave.fr\/product\/sunflower-t-shirt-light-green\/"},"modified":"2025-04-23T16:56:24","modified_gmt":"2025-04-23T14:56:24","slug":"sunflower-t-shirt-light-green","status":"publish","type":"product","link":"https:\/\/youngandbrave.fr\/de\/shop\/baby-de\/sunflower-t-shirt-light-green\/","title":{"rendered":"Sunflower T-Shirt &#8211; Light Green"},"content":{"rendered":"","protected":false},"excerpt":{"rendered":"<p>Dieses hellgr\u00fcne T-Shirt von Bobo Choses ist frisch und lebendig und l\u00e4dt dazu ein, die Welt zu erkunden. Das weiche, atmungsaktive Material aus 100 % Bio-Baumwolle sorgt f\u00fcr Komfort an aktiven Tagen. Mit kurzen \u00c4rmeln, einer \u00fcberschnittenen Schulter und einer lockeren Passform ist es sowohl modisch als auch praktisch. Der Druckknopfverschluss an der Schulter sorgt f\u00fcr hohen Tragekomfort.<\/p>\n","protected":false},"featured_media":79714,"template":"","meta":[],"product_brand":[],"product_cat":[204],"product_tag":[659],"class_list":{"0":"post-79719","1":"product","2":"type-product","3":"status-publish","4":"has-post-thumbnail","6":"pwb-brand-bobo-choses-de","7":"product_cat-baby-de","8":"product_tag-t-shirt-2","9":"description-off","11":"first","12":"instock","13":"taxable","14":"shipping-taxable","15":"purchasable","16":"product-type-variable","17":"add-to-wishlist-before_add_to_cart"},"_links":{"self":[{"href":"https:\/\/youngandbrave.fr\/de\/wp-json\/wp\/v2\/product\/79719","targetHints":{"allow":["GET"]}}],"collection":[{"href":"https:\/\/youngandbrave.fr\/de\/wp-json\/wp\/v2\/product"}],"about":[{"href":"https:\/\/youngandbrave.fr\/de\/wp-json\/wp\/v2\/types\/product"}],"version-history":[{"count":0,"href":"https:\/\/youngandbrave.fr\/de\/wp-json\/wp\/v2\/product\/79719\/revisions"}],"wp:featuredmedia":[{"embeddable":true,"href":"https:\/\/youngandbrave.fr\/de\/wp-json\/wp\/v2\/media\/79714"}],"wp:attachment":[{"href":"https:\/\/youngandbrave.fr\/de\/wp-json\/wp\/v2\/media?parent=79719"}],"wp:term":[{"taxonomy":"product_brand","embeddable":true,"href":"https:\/\/youngandbrave.fr\/de\/wp-json\/wp\/v2\/product_brand?post=79719"},{"taxonomy":"product_cat","embeddable":true,"href":"https:\/\/youngandbrave.fr\/de\/wp-json\/wp\/v2\/product_cat?post=79719"},{"taxonomy":"product_tag","embeddable":true,"href":"https:\/\/youngandbrave.fr\/de\/wp-json\/wp\/v2\/product_tag?post=79719"}],"curies":[{"name":"wp","href":"https:\/\/api.w.org\/{rel}","templated":true}]}}