{"id":79595,"date":"2025-01-09T17:40:02","date_gmt":"2025-01-09T16:40:02","guid":{"rendered":"http:\/\/youngandbrave.fr\/product\/happy-dog-t-shirt-heather-grey\/"},"modified":"2025-04-17T12:48:40","modified_gmt":"2025-04-17T10:48:40","slug":"happy-dog-t-shirt-heather-grey","status":"publish","type":"product","link":"https:\/\/youngandbrave.fr\/de\/shop\/kinder\/happy-dog-t-shirt-heather-grey\/","title":{"rendered":"Happy Dog T-Shirt &#8211; Heather Grey"},"content":{"rendered":"","protected":false},"excerpt":{"rendered":"<p>Dieses heidegraue T-Shirt von Bobo Choses ist ein vielseitiges Kleidungsst\u00fcck, das sich m\u00fchelos stylen l\u00e4sst. Es ist aus 100 % Bio-Baumwolle gefertigt und hat kurze \u00c4rmel, eine \u00fcberschnittene Schulter und eine lockere Passform f\u00fcr eine entspannte Silhouette. Der Rundhalsausschnitt rundet das cleane Design ab.<\/p>\n","protected":false},"featured_media":79590,"template":"","meta":[],"product_brand":[],"product_cat":[207],"product_tag":[659],"class_list":{"0":"post-79595","1":"product","2":"type-product","3":"status-publish","4":"has-post-thumbnail","6":"pwb-brand-bobo-choses-de","7":"product_cat-kinder","8":"product_tag-t-shirt-2","9":"description-off","11":"first","12":"instock","13":"taxable","14":"shipping-taxable","15":"purchasable","16":"product-type-variable","17":"add-to-wishlist-before_add_to_cart"},"_links":{"self":[{"href":"https:\/\/youngandbrave.fr\/de\/wp-json\/wp\/v2\/product\/79595","targetHints":{"allow":["GET"]}}],"collection":[{"href":"https:\/\/youngandbrave.fr\/de\/wp-json\/wp\/v2\/product"}],"about":[{"href":"https:\/\/youngandbrave.fr\/de\/wp-json\/wp\/v2\/types\/product"}],"version-history":[{"count":0,"href":"https:\/\/youngandbrave.fr\/de\/wp-json\/wp\/v2\/product\/79595\/revisions"}],"wp:featuredmedia":[{"embeddable":true,"href":"https:\/\/youngandbrave.fr\/de\/wp-json\/wp\/v2\/media\/79590"}],"wp:attachment":[{"href":"https:\/\/youngandbrave.fr\/de\/wp-json\/wp\/v2\/media?parent=79595"}],"wp:term":[{"taxonomy":"product_brand","embeddable":true,"href":"https:\/\/youngandbrave.fr\/de\/wp-json\/wp\/v2\/product_brand?post=79595"},{"taxonomy":"product_cat","embeddable":true,"href":"https:\/\/youngandbrave.fr\/de\/wp-json\/wp\/v2\/product_cat?post=79595"},{"taxonomy":"product_tag","embeddable":true,"href":"https:\/\/youngandbrave.fr\/de\/wp-json\/wp\/v2\/product_tag?post=79595"}],"curies":[{"name":"wp","href":"https:\/\/api.w.org\/{rel}","templated":true}]}}