{"id":79541,"date":"2025-01-14T17:12:17","date_gmt":"2025-01-14T16:12:17","guid":{"rendered":"http:\/\/youngandbrave.fr\/product\/nuria-scarf-sea\/"},"modified":"2025-04-17T11:06:11","modified_gmt":"2025-04-17T09:06:11","slug":"nuria-scarf-sea","status":"publish","type":"product","link":"https:\/\/youngandbrave.fr\/de\/shop\/baby-de\/nuria-scarf-sea\/","title":{"rendered":"Nuria Schal &#8211; sea"},"content":{"rendered":"","protected":false},"excerpt":{"rendered":"<p>Der weiche R\u00fcschenschal Nuria von Minimalisma besteht aus 100% GOTS-zertifizierter Bio-Baumwolle und kann als L\u00e4tzchen, Schal oder Stirnband getragen werden. Der Rippjersey ist sehr weich und dehnbar, was f\u00fcr einen ganzt\u00e4gigen Tragekomfort sorgt.<\/p>\n<p>Qualit\u00e4t: 100% Bio-Baumwolle<\/p>\n","protected":false},"featured_media":79538,"template":"","meta":[],"product_brand":[],"product_cat":[204],"product_tag":[612],"class_list":{"0":"post-79541","1":"product","2":"type-product","3":"status-publish","4":"has-post-thumbnail","6":"pwb-brand-minimalisma-de","7":"product_cat-baby-de","8":"product_tag-scarf-2","9":"description-off","11":"first","12":"instock","13":"taxable","14":"shipping-taxable","15":"purchasable","16":"product-type-simple","17":"add-to-wishlist-before_add_to_cart"},"_links":{"self":[{"href":"https:\/\/youngandbrave.fr\/de\/wp-json\/wp\/v2\/product\/79541","targetHints":{"allow":["GET"]}}],"collection":[{"href":"https:\/\/youngandbrave.fr\/de\/wp-json\/wp\/v2\/product"}],"about":[{"href":"https:\/\/youngandbrave.fr\/de\/wp-json\/wp\/v2\/types\/product"}],"version-history":[{"count":0,"href":"https:\/\/youngandbrave.fr\/de\/wp-json\/wp\/v2\/product\/79541\/revisions"}],"wp:featuredmedia":[{"embeddable":true,"href":"https:\/\/youngandbrave.fr\/de\/wp-json\/wp\/v2\/media\/79538"}],"wp:attachment":[{"href":"https:\/\/youngandbrave.fr\/de\/wp-json\/wp\/v2\/media?parent=79541"}],"wp:term":[{"taxonomy":"product_brand","embeddable":true,"href":"https:\/\/youngandbrave.fr\/de\/wp-json\/wp\/v2\/product_brand?post=79541"},{"taxonomy":"product_cat","embeddable":true,"href":"https:\/\/youngandbrave.fr\/de\/wp-json\/wp\/v2\/product_cat?post=79541"},{"taxonomy":"product_tag","embeddable":true,"href":"https:\/\/youngandbrave.fr\/de\/wp-json\/wp\/v2\/product_tag?post=79541"}],"curies":[{"name":"wp","href":"https:\/\/api.w.org\/{rel}","templated":true}]}}