{"id":79429,"date":"2025-01-10T16:45:44","date_gmt":"2025-01-10T15:45:44","guid":{"rendered":"http:\/\/youngandbrave.fr\/product\/sunflower-cropped-sweatshirt-off-white\/"},"modified":"2025-04-15T15:37:51","modified_gmt":"2025-04-15T13:37:51","slug":"sunflower-cropped-sweatshirt-off-white","status":"publish","type":"product","link":"https:\/\/youngandbrave.fr\/de\/shop\/kinder\/sunflower-cropped-sweatshirt-off-white\/","title":{"rendered":"Sunflower Cropped Sweatshirt &#8211; Off White"},"content":{"rendered":"","protected":false},"excerpt":{"rendered":"<p>Dieses cremefarbene Sweatshirt von Bobo Choses hat eine kurze L\u00e4nge. Es besteht zu 66% aus Baumwolle und zu 34% aus Bio-Baumwolle mit Fleece und hat lange \u00c4rmel, Rippb\u00fcndchen und eine lockere Passform. Die doppelten Falten verleihen dem l\u00e4ssigen Design Raffinesse.<\/p>\n","protected":false},"featured_media":79424,"template":"","meta":[],"product_brand":[],"product_cat":[207],"product_tag":[910],"class_list":{"0":"post-79429","1":"product","2":"type-product","3":"status-publish","4":"has-post-thumbnail","6":"pwb-brand-bobo-choses-de","7":"product_cat-kinder","8":"product_tag-sweatshirt-2","9":"description-off","11":"first","12":"instock","13":"taxable","14":"shipping-taxable","15":"purchasable","16":"product-type-variable","17":"add-to-wishlist-before_add_to_cart"},"_links":{"self":[{"href":"https:\/\/youngandbrave.fr\/de\/wp-json\/wp\/v2\/product\/79429","targetHints":{"allow":["GET"]}}],"collection":[{"href":"https:\/\/youngandbrave.fr\/de\/wp-json\/wp\/v2\/product"}],"about":[{"href":"https:\/\/youngandbrave.fr\/de\/wp-json\/wp\/v2\/types\/product"}],"version-history":[{"count":0,"href":"https:\/\/youngandbrave.fr\/de\/wp-json\/wp\/v2\/product\/79429\/revisions"}],"wp:featuredmedia":[{"embeddable":true,"href":"https:\/\/youngandbrave.fr\/de\/wp-json\/wp\/v2\/media\/79424"}],"wp:attachment":[{"href":"https:\/\/youngandbrave.fr\/de\/wp-json\/wp\/v2\/media?parent=79429"}],"wp:term":[{"taxonomy":"product_brand","embeddable":true,"href":"https:\/\/youngandbrave.fr\/de\/wp-json\/wp\/v2\/product_brand?post=79429"},{"taxonomy":"product_cat","embeddable":true,"href":"https:\/\/youngandbrave.fr\/de\/wp-json\/wp\/v2\/product_cat?post=79429"},{"taxonomy":"product_tag","embeddable":true,"href":"https:\/\/youngandbrave.fr\/de\/wp-json\/wp\/v2\/product_tag?post=79429"}],"curies":[{"name":"wp","href":"https:\/\/api.w.org\/{rel}","templated":true}]}}