{"id":79356,"date":"2025-04-14T17:22:44","date_gmt":"2025-04-14T15:22:44","guid":{"rendered":"http:\/\/youngandbrave.fr\/product\/jap-dress-jeans\/"},"modified":"2025-04-14T17:24:43","modified_gmt":"2025-04-14T15:24:43","slug":"jap-dress-jeans","status":"publish","type":"product","link":"https:\/\/youngandbrave.fr\/de\/shop\/baby-de\/jap-dress-jeans\/","title":{"rendered":"Jap Kleid &#8211; Jeans"},"content":{"rendered":"","protected":false},"excerpt":{"rendered":"<p>Dieses Kleid von Nixnut ist aus leichtem Denim gefertigt und hat s\u00fc\u00dfe R\u00fcschen an den Tr\u00e4gern. Mit den Kn\u00f6pfen auf der R\u00fcckseite kann man die L\u00e4nge verstellen. Das lederne Nixnut-Label ist am unteren Rand des Kleides angebracht. Kombiniere das Kleid mit einem T-Shirt oder einer Bluse f\u00fcr einen kompletten Look.<\/p>\n<p>Qualit\u00e4t: d\u00fcnner Denim 100% Baumwolle<\/p>\n","protected":false},"featured_media":79351,"template":"","meta":[],"product_brand":[],"product_cat":[204,207],"product_tag":[386],"class_list":{"0":"post-79356","1":"product","2":"type-product","3":"status-publish","4":"has-post-thumbnail","6":"pwb-brand-nixnut-de","7":"product_cat-baby-de","8":"product_cat-kinder","9":"product_tag-kleid","10":"description-off","12":"first","13":"instock","14":"taxable","15":"shipping-taxable","16":"purchasable","17":"product-type-variable","18":"add-to-wishlist-before_add_to_cart"},"_links":{"self":[{"href":"https:\/\/youngandbrave.fr\/de\/wp-json\/wp\/v2\/product\/79356","targetHints":{"allow":["GET"]}}],"collection":[{"href":"https:\/\/youngandbrave.fr\/de\/wp-json\/wp\/v2\/product"}],"about":[{"href":"https:\/\/youngandbrave.fr\/de\/wp-json\/wp\/v2\/types\/product"}],"version-history":[{"count":0,"href":"https:\/\/youngandbrave.fr\/de\/wp-json\/wp\/v2\/product\/79356\/revisions"}],"wp:featuredmedia":[{"embeddable":true,"href":"https:\/\/youngandbrave.fr\/de\/wp-json\/wp\/v2\/media\/79351"}],"wp:attachment":[{"href":"https:\/\/youngandbrave.fr\/de\/wp-json\/wp\/v2\/media?parent=79356"}],"wp:term":[{"taxonomy":"product_brand","embeddable":true,"href":"https:\/\/youngandbrave.fr\/de\/wp-json\/wp\/v2\/product_brand?post=79356"},{"taxonomy":"product_cat","embeddable":true,"href":"https:\/\/youngandbrave.fr\/de\/wp-json\/wp\/v2\/product_cat?post=79356"},{"taxonomy":"product_tag","embeddable":true,"href":"https:\/\/youngandbrave.fr\/de\/wp-json\/wp\/v2\/product_tag?post=79356"}],"curies":[{"name":"wp","href":"https:\/\/api.w.org\/{rel}","templated":true}]}}