{"id":79218,"date":"2025-04-09T14:26:24","date_gmt":"2025-04-09T12:26:24","guid":{"rendered":"http:\/\/youngandbrave.fr\/product\/4kix-shoe-charms-smiley\/"},"modified":"2025-04-09T14:28:03","modified_gmt":"2025-04-09T12:28:03","slug":"4kix-shoe-charms-smiley","status":"publish","type":"product","link":"https:\/\/youngandbrave.fr\/de\/shop\/kinder\/4kix-shoe-charms-smiley\/","title":{"rendered":"4KiX Schuh-Anh\u00e4nger &#8211; smiley"},"content":{"rendered":"","protected":false},"excerpt":{"rendered":"<div>Dieser Schuh-Anh\u00e4nger von 4KiX wird einzeln verkauft, kann aber auch als Paar oder in Kombination mit anderen Styles als Multistack getragen werden.<br \/>\nEr besteht aus Harz und ist in unseren patentierten, umweltfreundlichen Silikonring eingelassen. Er l\u00e4sst sich leicht und spielerisch an Schn\u00fcrsenkeln, Klettverschl\u00fcssen, Haargummis und Armb\u00e4ndern befestigen.<\/div>\n","protected":false},"featured_media":74935,"template":"","meta":[],"product_brand":[],"product_cat":[207],"product_tag":[340],"class_list":{"0":"post-79218","1":"product","2":"type-product","3":"status-publish","4":"has-post-thumbnail","6":"pwb-brand-4kix-de","7":"product_cat-kinder","8":"product_tag-accessoires-de","9":"description-off","11":"first","12":"instock","13":"taxable","14":"shipping-taxable","15":"purchasable","16":"product-type-simple","17":"add-to-wishlist-before_add_to_cart"},"_links":{"self":[{"href":"https:\/\/youngandbrave.fr\/de\/wp-json\/wp\/v2\/product\/79218","targetHints":{"allow":["GET"]}}],"collection":[{"href":"https:\/\/youngandbrave.fr\/de\/wp-json\/wp\/v2\/product"}],"about":[{"href":"https:\/\/youngandbrave.fr\/de\/wp-json\/wp\/v2\/types\/product"}],"version-history":[{"count":0,"href":"https:\/\/youngandbrave.fr\/de\/wp-json\/wp\/v2\/product\/79218\/revisions"}],"wp:featuredmedia":[{"embeddable":true,"href":"https:\/\/youngandbrave.fr\/de\/wp-json\/wp\/v2\/media\/74935"}],"wp:attachment":[{"href":"https:\/\/youngandbrave.fr\/de\/wp-json\/wp\/v2\/media?parent=79218"}],"wp:term":[{"taxonomy":"product_brand","embeddable":true,"href":"https:\/\/youngandbrave.fr\/de\/wp-json\/wp\/v2\/product_brand?post=79218"},{"taxonomy":"product_cat","embeddable":true,"href":"https:\/\/youngandbrave.fr\/de\/wp-json\/wp\/v2\/product_cat?post=79218"},{"taxonomy":"product_tag","embeddable":true,"href":"https:\/\/youngandbrave.fr\/de\/wp-json\/wp\/v2\/product_tag?post=79218"}],"curies":[{"name":"wp","href":"https:\/\/api.w.org\/{rel}","templated":true}]}}