{"id":78985,"date":"2025-04-07T15:43:50","date_gmt":"2025-04-07T13:43:50","guid":{"rendered":"http:\/\/youngandbrave.fr\/product\/senger-animal-doll-little-bear\/"},"modified":"2025-04-07T15:46:04","modified_gmt":"2025-04-07T13:46:04","slug":"senger-animal-doll-little-bear","status":"publish","type":"product","link":"https:\/\/youngandbrave.fr\/de\/shop\/spielen\/senger-animal-doll-little-bear\/","title":{"rendered":"Senger Tierpuppe &#8211; Kleiner B\u00e4r"},"content":{"rendered":"","protected":false},"excerpt":{"rendered":"<p>Der kleine beigefarbene Kuschelb\u00e4r von Senger Naturwelt ist der perfekte Begleiter f\u00fcr Ihren Kleinen und eine stilvolle Erg\u00e4nzung f\u00fcr Ihr Zuhause. Hergestellt aus GOTS-zertifizierten, \u00f6kologischen Materialien aus Europa. Mit seiner neutralen Farbe passt der weiche B\u00e4r sowohl ins Kinderzimmer als auch in moderne Wohnr\u00e4ume.<\/p>\n<p>Gr\u00f6\u00dfe: 30 cm<\/p>\n","protected":false},"featured_media":73625,"template":"","meta":[],"product_brand":[],"product_cat":[210],"product_tag":[3008,864],"class_list":{"0":"post-78985","1":"product","2":"type-product","3":"status-publish","4":"has-post-thumbnail","6":"pwb-brand-senger-de","7":"product_cat-spielen","8":"product_tag-bear-de","9":"product_tag-soft-toy-2","10":"description-off","12":"first","13":"instock","14":"taxable","15":"shipping-taxable","16":"purchasable","17":"product-type-simple","18":"add-to-wishlist-before_add_to_cart"},"_links":{"self":[{"href":"https:\/\/youngandbrave.fr\/de\/wp-json\/wp\/v2\/product\/78985","targetHints":{"allow":["GET"]}}],"collection":[{"href":"https:\/\/youngandbrave.fr\/de\/wp-json\/wp\/v2\/product"}],"about":[{"href":"https:\/\/youngandbrave.fr\/de\/wp-json\/wp\/v2\/types\/product"}],"version-history":[{"count":0,"href":"https:\/\/youngandbrave.fr\/de\/wp-json\/wp\/v2\/product\/78985\/revisions"}],"wp:featuredmedia":[{"embeddable":true,"href":"https:\/\/youngandbrave.fr\/de\/wp-json\/wp\/v2\/media\/73625"}],"wp:attachment":[{"href":"https:\/\/youngandbrave.fr\/de\/wp-json\/wp\/v2\/media?parent=78985"}],"wp:term":[{"taxonomy":"product_brand","embeddable":true,"href":"https:\/\/youngandbrave.fr\/de\/wp-json\/wp\/v2\/product_brand?post=78985"},{"taxonomy":"product_cat","embeddable":true,"href":"https:\/\/youngandbrave.fr\/de\/wp-json\/wp\/v2\/product_cat?post=78985"},{"taxonomy":"product_tag","embeddable":true,"href":"https:\/\/youngandbrave.fr\/de\/wp-json\/wp\/v2\/product_tag?post=78985"}],"curies":[{"name":"wp","href":"https:\/\/api.w.org\/{rel}","templated":true}]}}