{"id":78619,"date":"2025-03-17T15:49:12","date_gmt":"2025-03-17T14:49:12","guid":{"rendered":"http:\/\/youngandbrave.fr\/product\/2-pack-glitter-cups-lemon\/"},"modified":"2025-03-20T14:56:03","modified_gmt":"2025-03-20T13:56:03","slug":"2-pack-glitter-cups-lemon","status":"publish","type":"product","link":"https:\/\/youngandbrave.fr\/de\/shop\/essen-trinken\/2-pack-glitter-cups-lemon\/","title":{"rendered":"2 Pack Glitzerbecher &#8211; Lemon"},"content":{"rendered":"","protected":false},"excerpt":{"rendered":"<p>Funkelnde Glitzerbecher von Konges Sl\u00f8jd. Leicht sch\u00fctteln, damit die Glitzerpartikel herumtanzen. Fassungsverm\u00f6gen: 180 ml.<br \/>\nHergestellt aus Polyethylenterephthalat-Glykol (PCTG). F\u00fcllung aus destilliertem Wasser und Polyethylenterephthalat (PET)<br \/>\n\u00d8: 6,5 x H: 9cm<br \/>\nNicht sp\u00fclmaschinenfest &#8211; Nicht mikrowellengeeignet &#8211; Temperaturbest\u00e4ndig: von 0-100\u00b0C &#8211; 3 Jahre +<br \/>\nGepr\u00fcft und in \u00dcbereinstimmung mit den EU-Verordnungen f\u00fcr Materialien mit Lebensmittelkontakt 10\/2011 und 1935\/2004<\/p>\n<p>\u00dcbersetzt mit DeepL.com (kostenlose Version)<\/p>\n","protected":false},"featured_media":78317,"template":"","meta":[],"product_brand":[],"product_cat":[930],"product_tag":[467],"class_list":{"0":"post-78619","1":"product","2":"type-product","3":"status-publish","4":"has-post-thumbnail","6":"pwb-brand-konges-slojd-de-2","7":"product_cat-essen-trinken","8":"product_tag-becher","9":"description-off","11":"first","12":"instock","13":"taxable","14":"shipping-taxable","15":"purchasable","16":"product-type-simple","17":"add-to-wishlist-before_add_to_cart"},"_links":{"self":[{"href":"https:\/\/youngandbrave.fr\/de\/wp-json\/wp\/v2\/product\/78619","targetHints":{"allow":["GET"]}}],"collection":[{"href":"https:\/\/youngandbrave.fr\/de\/wp-json\/wp\/v2\/product"}],"about":[{"href":"https:\/\/youngandbrave.fr\/de\/wp-json\/wp\/v2\/types\/product"}],"version-history":[{"count":0,"href":"https:\/\/youngandbrave.fr\/de\/wp-json\/wp\/v2\/product\/78619\/revisions"}],"wp:featuredmedia":[{"embeddable":true,"href":"https:\/\/youngandbrave.fr\/de\/wp-json\/wp\/v2\/media\/78317"}],"wp:attachment":[{"href":"https:\/\/youngandbrave.fr\/de\/wp-json\/wp\/v2\/media?parent=78619"}],"wp:term":[{"taxonomy":"product_brand","embeddable":true,"href":"https:\/\/youngandbrave.fr\/de\/wp-json\/wp\/v2\/product_brand?post=78619"},{"taxonomy":"product_cat","embeddable":true,"href":"https:\/\/youngandbrave.fr\/de\/wp-json\/wp\/v2\/product_cat?post=78619"},{"taxonomy":"product_tag","embeddable":true,"href":"https:\/\/youngandbrave.fr\/de\/wp-json\/wp\/v2\/product_tag?post=78619"}],"curies":[{"name":"wp","href":"https:\/\/api.w.org\/{rel}","templated":true}]}}