{"id":78196,"date":"2025-02-28T10:05:03","date_gmt":"2025-02-28T09:05:03","guid":{"rendered":"http:\/\/youngandbrave.fr\/product\/verbena-top-kaluka\/"},"modified":"2025-03-13T17:47:40","modified_gmt":"2025-03-13T16:47:40","slug":"verbena-top-kaluka","status":"publish","type":"product","link":"https:\/\/youngandbrave.fr\/de\/shop\/baby-de\/verbena-top-kaluka\/","title":{"rendered":"Verbena Top &#8211; Kaluka"},"content":{"rendered":"","protected":false},"excerpt":{"rendered":"<p>Weiches Baumwolltop mit ger\u00fcschten \u00c4rmeln und Spitzendetails von Konges Sl\u00f8jd.<br \/>\nHergestellt aus 100% Bio-Baumwolle.<\/p>\n","protected":false},"featured_media":78038,"template":"","meta":[],"product_brand":[],"product_cat":[204,207],"product_tag":[983],"class_list":{"0":"post-78196","1":"product","2":"type-product","3":"status-publish","4":"has-post-thumbnail","6":"pwb-brand-konges-slojd-de-2","7":"product_cat-baby-de","8":"product_cat-kinder","9":"product_tag-top-2","10":"description-off","12":"first","13":"instock","14":"taxable","15":"shipping-taxable","16":"purchasable","17":"product-type-variable","18":"add-to-wishlist-before_add_to_cart"},"_links":{"self":[{"href":"https:\/\/youngandbrave.fr\/de\/wp-json\/wp\/v2\/product\/78196","targetHints":{"allow":["GET"]}}],"collection":[{"href":"https:\/\/youngandbrave.fr\/de\/wp-json\/wp\/v2\/product"}],"about":[{"href":"https:\/\/youngandbrave.fr\/de\/wp-json\/wp\/v2\/types\/product"}],"version-history":[{"count":0,"href":"https:\/\/youngandbrave.fr\/de\/wp-json\/wp\/v2\/product\/78196\/revisions"}],"wp:featuredmedia":[{"embeddable":true,"href":"https:\/\/youngandbrave.fr\/de\/wp-json\/wp\/v2\/media\/78038"}],"wp:attachment":[{"href":"https:\/\/youngandbrave.fr\/de\/wp-json\/wp\/v2\/media?parent=78196"}],"wp:term":[{"taxonomy":"product_brand","embeddable":true,"href":"https:\/\/youngandbrave.fr\/de\/wp-json\/wp\/v2\/product_brand?post=78196"},{"taxonomy":"product_cat","embeddable":true,"href":"https:\/\/youngandbrave.fr\/de\/wp-json\/wp\/v2\/product_cat?post=78196"},{"taxonomy":"product_tag","embeddable":true,"href":"https:\/\/youngandbrave.fr\/de\/wp-json\/wp\/v2\/product_tag?post=78196"}],"curies":[{"name":"wp","href":"https:\/\/api.w.org\/{rel}","templated":true}]}}