{"id":77461,"date":"2025-02-10T15:13:18","date_gmt":"2025-02-10T14:13:18","guid":{"rendered":"http:\/\/youngandbrave.fr\/product\/damona-sun-hat-y-d-stripe-lemonade-creme-de-la-creme\/"},"modified":"2025-02-10T15:14:37","modified_gmt":"2025-02-10T14:14:37","slug":"damona-sun-hat-y-d-stripe-lemonade-creme-de-la-creme","status":"publish","type":"product","link":"https:\/\/youngandbrave.fr\/de\/shop\/baby-de\/damona-sun-hat-y-d-stripe-lemonade-creme-de-la-creme\/","title":{"rendered":"Damona &#8211; Sun Hat &#8211; Y\/D Stripe Lemonade \/ Creme de la creme"},"content":{"rendered":"","protected":false},"excerpt":{"rendered":"<p>Eine niedliche und praktische Badekappe von Liewood f\u00fcr kleinere Kinder mit einem extra langen Nackenschutz f\u00fcr den bestm\u00f6glichen Sonnenschutz beim Planschen im Wasser. Der Damona-Badehut besteht aus recyceltem Polyester und ist somit die ideale Wahl f\u00fcr Tage am Strand oder am Pool.<br \/>\nGestreifter Eimer-Badehut mit extra langem Sonnenschutz f\u00fcr den Nacken<br \/>\nMit UV 40+ Schutz<br \/>\nHergestellt aus 73 % recyceltem Polyester<br \/>\nDer Nackenschutz l\u00e4sst sich zusammenfalten und in einer Tasche auf der R\u00fcckseite verstecken<br \/>\nKinnband mit weichem Silikonstopper<br \/>\nMaschinenwaschbar bei 30\u00b0<\/p>\n","protected":false},"featured_media":77458,"template":"","meta":[],"product_brand":[],"product_cat":[204],"product_tag":[1970],"class_list":{"0":"post-77461","1":"product","2":"type-product","3":"status-publish","4":"has-post-thumbnail","6":"pwb-brand-liewood-de","7":"product_cat-baby-de","8":"product_tag-sun-hat-de","9":"description-off","11":"first","12":"instock","13":"taxable","14":"shipping-taxable","15":"purchasable","16":"product-type-variable","17":"add-to-wishlist-before_add_to_cart"},"_links":{"self":[{"href":"https:\/\/youngandbrave.fr\/de\/wp-json\/wp\/v2\/product\/77461","targetHints":{"allow":["GET"]}}],"collection":[{"href":"https:\/\/youngandbrave.fr\/de\/wp-json\/wp\/v2\/product"}],"about":[{"href":"https:\/\/youngandbrave.fr\/de\/wp-json\/wp\/v2\/types\/product"}],"version-history":[{"count":0,"href":"https:\/\/youngandbrave.fr\/de\/wp-json\/wp\/v2\/product\/77461\/revisions"}],"wp:featuredmedia":[{"embeddable":true,"href":"https:\/\/youngandbrave.fr\/de\/wp-json\/wp\/v2\/media\/77458"}],"wp:attachment":[{"href":"https:\/\/youngandbrave.fr\/de\/wp-json\/wp\/v2\/media?parent=77461"}],"wp:term":[{"taxonomy":"product_brand","embeddable":true,"href":"https:\/\/youngandbrave.fr\/de\/wp-json\/wp\/v2\/product_brand?post=77461"},{"taxonomy":"product_cat","embeddable":true,"href":"https:\/\/youngandbrave.fr\/de\/wp-json\/wp\/v2\/product_cat?post=77461"},{"taxonomy":"product_tag","embeddable":true,"href":"https:\/\/youngandbrave.fr\/de\/wp-json\/wp\/v2\/product_tag?post=77461"}],"curies":[{"name":"wp","href":"https:\/\/api.w.org\/{rel}","templated":true}]}}