{"id":77425,"date":"2025-02-08T11:25:02","date_gmt":"2025-02-08T10:25:02","guid":{"rendered":"http:\/\/youngandbrave.fr\/product\/rosier-pants-cream-off-white\/"},"modified":"2025-02-10T14:50:03","modified_gmt":"2025-02-10T13:50:03","slug":"rosier-pants-cream-off-white","status":"publish","type":"product","link":"https:\/\/youngandbrave.fr\/de\/shop\/baby-de\/rosier-pants-cream-off-white\/","title":{"rendered":"Rosier Pants &#8211; Cream Off White"},"content":{"rendered":"","protected":false},"excerpt":{"rendered":"<p>Strickhose mit gestickten Rosendetails an den S\u00e4umen von Konges Slojd. Aus einer au\u00dfergew\u00f6hnlich weichen Kaschmir-, Woll- und Baumwollmischung gefertigt.<br \/>\nMaterialien: 94% Baumwolle, 3% Wolle, 3% Kaschmir<\/p>\n","protected":false},"featured_media":77420,"template":"","meta":[],"product_brand":[],"product_cat":[204,207],"product_tag":[652],"class_list":{"0":"post-77425","1":"product","2":"type-product","3":"status-publish","4":"has-post-thumbnail","6":"pwb-brand-konges-slojd-de-2","7":"product_cat-baby-de","8":"product_cat-kinder","9":"product_tag-hose","10":"description-off","12":"first","13":"instock","14":"taxable","15":"shipping-taxable","16":"purchasable","17":"product-type-variable","18":"add-to-wishlist-before_add_to_cart"},"_links":{"self":[{"href":"https:\/\/youngandbrave.fr\/de\/wp-json\/wp\/v2\/product\/77425","targetHints":{"allow":["GET"]}}],"collection":[{"href":"https:\/\/youngandbrave.fr\/de\/wp-json\/wp\/v2\/product"}],"about":[{"href":"https:\/\/youngandbrave.fr\/de\/wp-json\/wp\/v2\/types\/product"}],"version-history":[{"count":0,"href":"https:\/\/youngandbrave.fr\/de\/wp-json\/wp\/v2\/product\/77425\/revisions"}],"wp:featuredmedia":[{"embeddable":true,"href":"https:\/\/youngandbrave.fr\/de\/wp-json\/wp\/v2\/media\/77420"}],"wp:attachment":[{"href":"https:\/\/youngandbrave.fr\/de\/wp-json\/wp\/v2\/media?parent=77425"}],"wp:term":[{"taxonomy":"product_brand","embeddable":true,"href":"https:\/\/youngandbrave.fr\/de\/wp-json\/wp\/v2\/product_brand?post=77425"},{"taxonomy":"product_cat","embeddable":true,"href":"https:\/\/youngandbrave.fr\/de\/wp-json\/wp\/v2\/product_cat?post=77425"},{"taxonomy":"product_tag","embeddable":true,"href":"https:\/\/youngandbrave.fr\/de\/wp-json\/wp\/v2\/product_tag?post=77425"}],"curies":[{"name":"wp","href":"https:\/\/api.w.org\/{rel}","templated":true}]}}