{"id":77116,"date":"2025-02-03T15:05:16","date_gmt":"2025-02-03T14:05:16","guid":{"rendered":"http:\/\/youngandbrave.fr\/product\/12-pack-ring-set-multi-color\/"},"modified":"2025-02-03T15:06:36","modified_gmt":"2025-02-03T14:06:36","slug":"12-pack-ring-set-multi-color","status":"publish","type":"product","link":"https:\/\/youngandbrave.fr\/de\/shop\/dinge\/12-pack-ring-set-multi-color\/","title":{"rendered":"12 Pack Ring Set- Multi Color"},"content":{"rendered":"","protected":false},"excerpt":{"rendered":"<p>Gr\u00f6\u00dfenverstellbare Ringe von Konges Slojd f\u00fcr kleine Finger. Mit verschieden Motiven.<br \/>\n100% nickelfrei<br \/>\nHergestellt aus 60% Zink und 40% Polyresin<br \/>\nAb 3 Jahren<\/p>\n","protected":false},"featured_media":77113,"template":"","meta":[],"product_brand":[],"product_cat":[1918],"product_tag":[2991],"class_list":{"0":"post-77116","1":"product","2":"type-product","3":"status-publish","4":"has-post-thumbnail","6":"pwb-brand-konges-slojd-de-2","7":"product_cat-dinge","8":"product_tag-ring-set-de","9":"description-off","11":"first","12":"instock","13":"taxable","14":"shipping-taxable","15":"purchasable","16":"product-type-simple","17":"add-to-wishlist-before_add_to_cart"},"_links":{"self":[{"href":"https:\/\/youngandbrave.fr\/de\/wp-json\/wp\/v2\/product\/77116","targetHints":{"allow":["GET"]}}],"collection":[{"href":"https:\/\/youngandbrave.fr\/de\/wp-json\/wp\/v2\/product"}],"about":[{"href":"https:\/\/youngandbrave.fr\/de\/wp-json\/wp\/v2\/types\/product"}],"version-history":[{"count":0,"href":"https:\/\/youngandbrave.fr\/de\/wp-json\/wp\/v2\/product\/77116\/revisions"}],"wp:featuredmedia":[{"embeddable":true,"href":"https:\/\/youngandbrave.fr\/de\/wp-json\/wp\/v2\/media\/77113"}],"wp:attachment":[{"href":"https:\/\/youngandbrave.fr\/de\/wp-json\/wp\/v2\/media?parent=77116"}],"wp:term":[{"taxonomy":"product_brand","embeddable":true,"href":"https:\/\/youngandbrave.fr\/de\/wp-json\/wp\/v2\/product_brand?post=77116"},{"taxonomy":"product_cat","embeddable":true,"href":"https:\/\/youngandbrave.fr\/de\/wp-json\/wp\/v2\/product_cat?post=77116"},{"taxonomy":"product_tag","embeddable":true,"href":"https:\/\/youngandbrave.fr\/de\/wp-json\/wp\/v2\/product_tag?post=77116"}],"curies":[{"name":"wp","href":"https:\/\/api.w.org\/{rel}","templated":true}]}}