{"id":77069,"date":"2025-01-31T10:53:15","date_gmt":"2025-01-31T09:53:15","guid":{"rendered":"http:\/\/youngandbrave.fr\/?post_type=product&#038;p=77069"},"modified":"2025-01-31T10:53:15","modified_gmt":"2025-01-31T09:53:15","slug":"pami-body-gots-antique-white","status":"publish","type":"product","link":"https:\/\/youngandbrave.fr\/de\/shop\/baby-de\/pami-body-gots-antique-white\/","title":{"rendered":"Pami Body GOTS &#8211; Antique white"},"content":{"rendered":"","protected":false},"excerpt":{"rendered":"<p>Body aus weicher Baumwolle. Mit einem Spitzenkragen und gestickten Blumen. Schlie\u00dft mit Druckkn\u00f6pfen auf der R\u00fcckseite f\u00fcr einfaches Anziehen.<br \/>\nMaterial: 100% Bio-Baumwolle<br \/>\nGOTS, Bio, zertifiziert durch CU1094701<\/p>\n","protected":false},"featured_media":77062,"template":"","meta":[],"product_brand":[],"product_cat":[204],"product_tag":[370],"class_list":{"0":"post-77069","1":"product","2":"type-product","3":"status-publish","4":"has-post-thumbnail","6":"pwb-brand-konges-slojd-de-2","7":"product_cat-baby-de","8":"product_tag-body-de","9":"description-off","11":"first","12":"instock","13":"taxable","14":"shipping-taxable","15":"purchasable","16":"product-type-variable","17":"add-to-wishlist-before_add_to_cart"},"_links":{"self":[{"href":"https:\/\/youngandbrave.fr\/de\/wp-json\/wp\/v2\/product\/77069","targetHints":{"allow":["GET"]}}],"collection":[{"href":"https:\/\/youngandbrave.fr\/de\/wp-json\/wp\/v2\/product"}],"about":[{"href":"https:\/\/youngandbrave.fr\/de\/wp-json\/wp\/v2\/types\/product"}],"version-history":[{"count":0,"href":"https:\/\/youngandbrave.fr\/de\/wp-json\/wp\/v2\/product\/77069\/revisions"}],"wp:featuredmedia":[{"embeddable":true,"href":"https:\/\/youngandbrave.fr\/de\/wp-json\/wp\/v2\/media\/77062"}],"wp:attachment":[{"href":"https:\/\/youngandbrave.fr\/de\/wp-json\/wp\/v2\/media?parent=77069"}],"wp:term":[{"taxonomy":"product_brand","embeddable":true,"href":"https:\/\/youngandbrave.fr\/de\/wp-json\/wp\/v2\/product_brand?post=77069"},{"taxonomy":"product_cat","embeddable":true,"href":"https:\/\/youngandbrave.fr\/de\/wp-json\/wp\/v2\/product_cat?post=77069"},{"taxonomy":"product_tag","embeddable":true,"href":"https:\/\/youngandbrave.fr\/de\/wp-json\/wp\/v2\/product_tag?post=77069"}],"curies":[{"name":"wp","href":"https:\/\/api.w.org\/{rel}","templated":true}]}}