{"id":76935,"date":"2025-01-25T16:01:45","date_gmt":"2025-01-25T15:01:45","guid":{"rendered":"http:\/\/youngandbrave.fr\/product\/della-cap-classic-navy-multi-mix\/"},"modified":"2025-01-25T16:07:45","modified_gmt":"2025-01-25T15:07:45","slug":"della-cap-classic-navy-multi-mix","status":"publish","type":"product","link":"https:\/\/youngandbrave.fr\/de\/shop\/kinder\/della-cap-classic-navy-multi-mix\/","title":{"rendered":"Della Kappe &#8211; Classic navy multi mix"},"content":{"rendered":"","protected":false},"excerpt":{"rendered":"<p>Della M\u00fctze von Liewood. Die Gr\u00f6\u00dfe kann mit der Schnalle auf der R\u00fcckseite angepasst werden. Aus atmungsaktivem Mesh auf der R\u00fcckseite und in zeitlosen Ton-in-Ton-Farben gestaltet. Sch\u00fctzt das Gesicht Ihres Kindes vor der Sonne und ist ein cooles Accessoire f\u00fcr jeden Tag.<\/p>\n<p>Schonend waschen bei 30\u00b0 C<\/p>\n","protected":false},"featured_media":76930,"template":"","meta":[],"product_brand":[],"product_cat":[207],"product_tag":[2302],"class_list":{"0":"post-76935","1":"product","2":"type-product","3":"status-publish","4":"has-post-thumbnail","6":"pwb-brand-liewood-de","7":"product_cat-kinder","8":"product_tag-cap-de","9":"description-off","11":"first","12":"instock","13":"taxable","14":"shipping-taxable","15":"purchasable","16":"product-type-variable","17":"add-to-wishlist-before_add_to_cart"},"_links":{"self":[{"href":"https:\/\/youngandbrave.fr\/de\/wp-json\/wp\/v2\/product\/76935","targetHints":{"allow":["GET"]}}],"collection":[{"href":"https:\/\/youngandbrave.fr\/de\/wp-json\/wp\/v2\/product"}],"about":[{"href":"https:\/\/youngandbrave.fr\/de\/wp-json\/wp\/v2\/types\/product"}],"version-history":[{"count":0,"href":"https:\/\/youngandbrave.fr\/de\/wp-json\/wp\/v2\/product\/76935\/revisions"}],"wp:featuredmedia":[{"embeddable":true,"href":"https:\/\/youngandbrave.fr\/de\/wp-json\/wp\/v2\/media\/76930"}],"wp:attachment":[{"href":"https:\/\/youngandbrave.fr\/de\/wp-json\/wp\/v2\/media?parent=76935"}],"wp:term":[{"taxonomy":"product_brand","embeddable":true,"href":"https:\/\/youngandbrave.fr\/de\/wp-json\/wp\/v2\/product_brand?post=76935"},{"taxonomy":"product_cat","embeddable":true,"href":"https:\/\/youngandbrave.fr\/de\/wp-json\/wp\/v2\/product_cat?post=76935"},{"taxonomy":"product_tag","embeddable":true,"href":"https:\/\/youngandbrave.fr\/de\/wp-json\/wp\/v2\/product_tag?post=76935"}],"curies":[{"name":"wp","href":"https:\/\/api.w.org\/{rel}","templated":true}]}}