{"id":76839,"date":"2025-01-23T16:20:58","date_gmt":"2025-01-23T15:20:58","guid":{"rendered":"http:\/\/youngandbrave.fr\/product\/bambi-beanie-hibiscus-stripes\/"},"modified":"2025-01-23T16:22:43","modified_gmt":"2025-01-23T15:22:43","slug":"bambi-beanie-hibiscus-stripes","status":"publish","type":"product","link":"https:\/\/youngandbrave.fr\/de\/shop\/baby-de\/bambi-beanie-hibiscus-stripes\/","title":{"rendered":"Bambi M\u00fctze &#8211; Hibiscus Stripes"},"content":{"rendered":"","protected":false},"excerpt":{"rendered":"<p>Diese M\u00fctze von minimalisma ist aus einem weichen Seiden-Baumwoll-Gemisch f\u00fcr ultimativen Komfort gefertigt. Die doppellagige Rippenkonstruktion sorgt f\u00fcr eine zus\u00e4tzliche Schicht W\u00e4rme und Isolierung. Das nahtlose Design sorgt f\u00fcr ein reibungsloses und reizfreies Erlebnis.<\/p>\n<p>F\u00fcr Kinder unter 1 Jahr empfehlen wir die Gr\u00f6\u00dfe 1-6Y, die einmal gefaltet werden kann, um die L\u00e4nge f\u00fcr eine perfekte Passform anzupassen. Diese Funktion erm\u00f6glicht eine einfache Gr\u00f6\u00dfenanpassung und passt sich dem Wachstum an.<\/p>\n<p>Qualit\u00e4t: 70% Seide, 30% Baumwolle<\/p>\n","protected":false},"featured_media":76836,"template":"","meta":[],"product_brand":[],"product_cat":[204,207],"product_tag":[696],"class_list":{"0":"post-76839","1":"product","2":"type-product","3":"status-publish","4":"has-post-thumbnail","6":"pwb-brand-minimalisma-de","7":"product_cat-baby-de","8":"product_cat-kinder","9":"product_tag-beanie-2","10":"description-off","12":"first","13":"instock","14":"taxable","15":"shipping-taxable","16":"purchasable","17":"product-type-variable","18":"add-to-wishlist-before_add_to_cart"},"_links":{"self":[{"href":"https:\/\/youngandbrave.fr\/de\/wp-json\/wp\/v2\/product\/76839","targetHints":{"allow":["GET"]}}],"collection":[{"href":"https:\/\/youngandbrave.fr\/de\/wp-json\/wp\/v2\/product"}],"about":[{"href":"https:\/\/youngandbrave.fr\/de\/wp-json\/wp\/v2\/types\/product"}],"version-history":[{"count":0,"href":"https:\/\/youngandbrave.fr\/de\/wp-json\/wp\/v2\/product\/76839\/revisions"}],"wp:featuredmedia":[{"embeddable":true,"href":"https:\/\/youngandbrave.fr\/de\/wp-json\/wp\/v2\/media\/76836"}],"wp:attachment":[{"href":"https:\/\/youngandbrave.fr\/de\/wp-json\/wp\/v2\/media?parent=76839"}],"wp:term":[{"taxonomy":"product_brand","embeddable":true,"href":"https:\/\/youngandbrave.fr\/de\/wp-json\/wp\/v2\/product_brand?post=76839"},{"taxonomy":"product_cat","embeddable":true,"href":"https:\/\/youngandbrave.fr\/de\/wp-json\/wp\/v2\/product_cat?post=76839"},{"taxonomy":"product_tag","embeddable":true,"href":"https:\/\/youngandbrave.fr\/de\/wp-json\/wp\/v2\/product_tag?post=76839"}],"curies":[{"name":"wp","href":"https:\/\/api.w.org\/{rel}","templated":true}]}}