{"id":76744,"date":"2025-01-21T17:51:29","date_gmt":"2025-01-21T16:51:29","guid":{"rendered":"http:\/\/youngandbrave.fr\/product\/rory-printed-cap-peach-sea-shell\/"},"modified":"2025-01-21T17:52:55","modified_gmt":"2025-01-21T16:52:55","slug":"rory-printed-cap-peach-sea-shell","status":"publish","type":"product","link":"https:\/\/youngandbrave.fr\/de\/shop\/kinder\/rory-printed-cap-peach-sea-shell\/","title":{"rendered":"Rory Printed Kappe &#8211; Peach\/Sea shell"},"content":{"rendered":"","protected":false},"excerpt":{"rendered":"<p>Rory Cap von Liewood, hergestellt aus atmungsaktiver Bio-Baumwolle. Erh\u00e4ltlich in lustigen Prints und mit verspielten Details. Die Gr\u00f6\u00dfe kann mit der Schnalle auf der R\u00fcckseite angepasst werden.<\/p>\n<p>100% Bio-Baumwolle<\/p>\n","protected":false},"featured_media":76741,"template":"","meta":[],"product_brand":[],"product_cat":[207],"product_tag":[2302],"class_list":{"0":"post-76744","1":"product","2":"type-product","3":"status-publish","4":"has-post-thumbnail","6":"pwb-brand-liewood-de","7":"product_cat-kinder","8":"product_tag-cap-de","9":"description-off","11":"first","12":"instock","13":"taxable","14":"shipping-taxable","15":"purchasable","16":"product-type-variable","17":"add-to-wishlist-before_add_to_cart"},"_links":{"self":[{"href":"https:\/\/youngandbrave.fr\/de\/wp-json\/wp\/v2\/product\/76744","targetHints":{"allow":["GET"]}}],"collection":[{"href":"https:\/\/youngandbrave.fr\/de\/wp-json\/wp\/v2\/product"}],"about":[{"href":"https:\/\/youngandbrave.fr\/de\/wp-json\/wp\/v2\/types\/product"}],"version-history":[{"count":0,"href":"https:\/\/youngandbrave.fr\/de\/wp-json\/wp\/v2\/product\/76744\/revisions"}],"wp:featuredmedia":[{"embeddable":true,"href":"https:\/\/youngandbrave.fr\/de\/wp-json\/wp\/v2\/media\/76741"}],"wp:attachment":[{"href":"https:\/\/youngandbrave.fr\/de\/wp-json\/wp\/v2\/media?parent=76744"}],"wp:term":[{"taxonomy":"product_brand","embeddable":true,"href":"https:\/\/youngandbrave.fr\/de\/wp-json\/wp\/v2\/product_brand?post=76744"},{"taxonomy":"product_cat","embeddable":true,"href":"https:\/\/youngandbrave.fr\/de\/wp-json\/wp\/v2\/product_cat?post=76744"},{"taxonomy":"product_tag","embeddable":true,"href":"https:\/\/youngandbrave.fr\/de\/wp-json\/wp\/v2\/product_tag?post=76744"}],"curies":[{"name":"wp","href":"https:\/\/api.w.org\/{rel}","templated":true}]}}