{"id":76181,"date":"2025-01-17T12:48:04","date_gmt":"2025-01-17T11:48:04","guid":{"rendered":"http:\/\/youngandbrave.fr\/?post_type=product&#038;p=76181"},"modified":"2025-03-14T15:05:55","modified_gmt":"2025-03-14T14:05:55","slug":"baby-ribbed-booties-cream-copy","status":"publish","type":"product","link":"https:\/\/youngandbrave.fr\/de\/shop\/baby-de\/baby-ribbed-booties-cream-copy\/","title":{"rendered":"Baby Ribbed Booties  &#8211; Cream (Copy)"},"content":{"rendered":"","protected":false},"excerpt":{"rendered":"<p>Baby-Sch\u00fchchen in Form einer Socke von Gray Label. Sie sind aus unserer weichen Bio-Baumwolle und ein wenig Elastan-Fleece f\u00fcr eine bequeme Passform gemacht. Sie haben ein rippengestricktes, doppellagiges, gefaltetes B\u00fcndchen und eine Fischgr\u00e4tenschn\u00fcrung zum Anziehen. Unser Logo ist auf der Sohle des rechten Schuhs aufgen\u00e4ht.<br \/>\n95% Bio-Baumwolle, 5% Elasthan-Fleece<br \/>\nMaschinenw\u00e4sche bei 30\u00b0C, kein Trockner, mittlere B\u00fcgeltemperatur<br \/>\nHergestellt in der Portugal<\/p>\n","protected":false},"featured_media":78281,"template":"","meta":[],"product_brand":[],"product_cat":[204],"product_tag":[2063],"class_list":{"0":"post-76181","1":"product","2":"type-product","3":"status-publish","4":"has-post-thumbnail","6":"pwb-brand-gray-label-de","7":"product_cat-baby-de","8":"product_tag-booties-de","9":"description-off","11":"first","12":"instock","13":"taxable","14":"shipping-taxable","15":"purchasable","16":"product-type-variable","17":"add-to-wishlist-before_add_to_cart"},"_links":{"self":[{"href":"https:\/\/youngandbrave.fr\/de\/wp-json\/wp\/v2\/product\/76181","targetHints":{"allow":["GET"]}}],"collection":[{"href":"https:\/\/youngandbrave.fr\/de\/wp-json\/wp\/v2\/product"}],"about":[{"href":"https:\/\/youngandbrave.fr\/de\/wp-json\/wp\/v2\/types\/product"}],"version-history":[{"count":0,"href":"https:\/\/youngandbrave.fr\/de\/wp-json\/wp\/v2\/product\/76181\/revisions"}],"wp:featuredmedia":[{"embeddable":true,"href":"https:\/\/youngandbrave.fr\/de\/wp-json\/wp\/v2\/media\/78281"}],"wp:attachment":[{"href":"https:\/\/youngandbrave.fr\/de\/wp-json\/wp\/v2\/media?parent=76181"}],"wp:term":[{"taxonomy":"product_brand","embeddable":true,"href":"https:\/\/youngandbrave.fr\/de\/wp-json\/wp\/v2\/product_brand?post=76181"},{"taxonomy":"product_cat","embeddable":true,"href":"https:\/\/youngandbrave.fr\/de\/wp-json\/wp\/v2\/product_cat?post=76181"},{"taxonomy":"product_tag","embeddable":true,"href":"https:\/\/youngandbrave.fr\/de\/wp-json\/wp\/v2\/product_tag?post=76181"}],"curies":[{"name":"wp","href":"https:\/\/api.w.org\/{rel}","templated":true}]}}