{"id":75264,"date":"2024-12-14T11:55:48","date_gmt":"2024-12-14T10:55:49","guid":{"rendered":"http:\/\/youngandbrave.fr\/?post_type=product&#038;p=75264"},"modified":"2024-12-14T12:26:20","modified_gmt":"2024-12-14T11:26:20","slug":"mini-original-octopus-copy","status":"publish","type":"product","link":"https:\/\/youngandbrave.fr\/de\/shop\/spielen\/mini-original-octopus-copy\/","title":{"rendered":"Mini Albino Octopus"},"content":{"rendered":"","protected":false},"excerpt":{"rendered":"<p>Mini Octopus von Big Stuffed aus handverlesenen Baumwollstoffen und Kunstpelzen. Die Aufmerksamkeit wird auf die kleinsten Details gelenkt. Die N\u00e4hte sind stabil und augensicher. Jedes Pl\u00fcschtier von BigStuffed wird nach den strengsten europ\u00e4ischen Normen getestet. Es ist geeignet f\u00fcr Neugeborene und bereit f\u00fcr eine lebenslange Bindung. Handgefertigt in Frankreich.<\/p>\n<p>Reinigungshinweise : Handw\u00e4sche<\/p>\n<p>Gr\u00f6sse: 30 x 16 cm<\/p>\n","protected":false},"featured_media":75266,"template":"","meta":[],"product_brand":[],"product_cat":[210],"product_tag":[864],"class_list":{"0":"post-75264","1":"product","2":"type-product","3":"status-publish","4":"has-post-thumbnail","6":"pwb-brand-big-stuffed-de","7":"product_cat-spielen","8":"product_tag-soft-toy-2","9":"description-off","11":"first","12":"instock","13":"taxable","14":"shipping-taxable","15":"purchasable","16":"product-type-simple","17":"add-to-wishlist-before_add_to_cart"},"_links":{"self":[{"href":"https:\/\/youngandbrave.fr\/de\/wp-json\/wp\/v2\/product\/75264","targetHints":{"allow":["GET"]}}],"collection":[{"href":"https:\/\/youngandbrave.fr\/de\/wp-json\/wp\/v2\/product"}],"about":[{"href":"https:\/\/youngandbrave.fr\/de\/wp-json\/wp\/v2\/types\/product"}],"version-history":[{"count":0,"href":"https:\/\/youngandbrave.fr\/de\/wp-json\/wp\/v2\/product\/75264\/revisions"}],"wp:featuredmedia":[{"embeddable":true,"href":"https:\/\/youngandbrave.fr\/de\/wp-json\/wp\/v2\/media\/75266"}],"wp:attachment":[{"href":"https:\/\/youngandbrave.fr\/de\/wp-json\/wp\/v2\/media?parent=75264"}],"wp:term":[{"taxonomy":"product_brand","embeddable":true,"href":"https:\/\/youngandbrave.fr\/de\/wp-json\/wp\/v2\/product_brand?post=75264"},{"taxonomy":"product_cat","embeddable":true,"href":"https:\/\/youngandbrave.fr\/de\/wp-json\/wp\/v2\/product_cat?post=75264"},{"taxonomy":"product_tag","embeddable":true,"href":"https:\/\/youngandbrave.fr\/de\/wp-json\/wp\/v2\/product_tag?post=75264"}],"curies":[{"name":"wp","href":"https:\/\/api.w.org\/{rel}","templated":true}]}}