{"id":14927,"date":"2017-03-13T15:14:58","date_gmt":"2017-03-13T14:14:58","guid":{"rendered":"http:\/\/dev.youngandbrave.de\/?page_id=14927\/"},"modified":"2024-03-12T12:19:43","modified_gmt":"2024-03-12T11:19:43","slug":"versand-und-rueckgabe","status":"publish","type":"page","link":"https:\/\/youngandbrave.fr\/de\/versand-und-rueckgabe\/","title":{"rendered":"Versand und R\u00fcckgabe"},"content":{"rendered":"<p>[spb_text_block animation=&#8220;none&#8220; animation_delay=&#8220;0&#8243; simplified_controls=&#8220;no&#8220; custom_css_percentage=&#8220;yes&#8220; padding_vertical=&#8220;0&#8243; padding_horizontal=&#8220;0&#8243; margin_vertical=&#8220;0&#8243; custom_css=&#8220;margin-top: 0%;margin-bottom: 0%;padding-left: 15%;padding-right: 15%;&#8220; border_size=&#8220;0&#8243; border_styling_global=&#8220;default&#8220; width=&#8220;1\/1&#8243; el_position=&#8220;first last&#8220;]<\/p>\n<h3>Angaben zum Versand<\/h3>\n<p>Die Versandkosten f\u00fcr Deutschland betragen pauschal \u00a04,50 Euro (via DHL). Ab einem Warenwert von mehr als 100 Euro fallen keine Versandkosten an (Lieferort Deutschland).\u00a0Wir versenden auch in folgende L\u00e4nder:<\/p>\n<p>\u00d6sterreich, Belgien, Luxemburg, Niederlande, Frankreich, D\u00e4nemark, Tschechien, Monaco, Polen: 11 Euro<br \/>\nSchweiz, Liechtenstein: 15 Euro<br \/>\nItalien, Slowakei, Slowenien, Ungarn, Schweden, Spanien: 12 Euro<br \/>\nEstland, Finnland, Kroatien, Litauen, Irland, Lettland, Norwegen, Portugal, Rum\u00e4nien: 13 Euro<\/p>\n<p>F\u00fcr den Versand in andere L\u00e4nder bitte kontaktiere uns via E-Mail: hello@youngandbrave.de. Die Lieferung erfolgt in der Regel innerhalb von 3 Werktagen nach Zahlungseingang unter der vom K\u00e4ufer angegebenen Lieferadresse. young and brave wird den Kunden so schnell wie m\u00f6glich \u00fcber Lieferverz\u00f6gerungen informieren.<\/p>\n<p>&nbsp;<\/p>\n<h3>Widerrufs- oder R\u00fcckgabebelehrung<\/h3>\n<p>Eine R\u00fcckgabe der Artikel ist ausschliesslich mit vorg\u00e4ngiger schriftlicher Absprache (E-Mail) unter hello@youngandbrave.de innert einer 14 t\u00e4gigen Frist ohne Angabe von Gr\u00fcnden (w\u00e4re jedoch erw\u00fcnscht) m\u00f6glich. Der Artikel muss durch den K\u00e4ufer mittels frankierter R\u00fccksendung innert oben genannter Frist an young and brave Deutschland UG, Gerberau 11, 79098 Freiburg im Breisgau, Deutschland zur\u00fcckgeschickt werden. Die Kosten der R\u00fccksendung m\u00fcssen vom Kunden \u00fcbernommen werden.<br \/>\nEine R\u00fcckerstattung des Kaufpreises (exkl. Versandgeb\u00fcren) wird ausschliesslich f\u00fcr unbesch\u00e4digte \/ nicht gebrauchte Artikel vorgenommen. Die R\u00fcckerstattung des Kaufpreises erfolgt nach der Eingangskontrolle der retournierten Ware. Der Kunde wird hierzu schriftlich in Kenntnis gesetzt. Das R\u00fcckgaberecht umfasst nicht die nachstehenden Artikel: Bademode und Beissringe.<br \/>\nBeanstandungen wegen Sachm\u00e4ngeln m\u00fcssen unverz\u00fcglich nach Erhalt der Ware mit Hilfe des Fotonachweises unter: hello@youngandbrave.de geltend gemacht werden. Der Grund des Mangels \/ Besch\u00e4digung muss hierbei nachvollziehbar dargelegt werden. Sachm\u00e4ngel verursacht durch unsachgem\u00e4ssen Umgang \/ Handhabung sind von R\u00fcckerstattungsanspr\u00fcchen und Ersatzlieferung ausgeschlossen. Die young and brave Deutschalnd UG wird den Schadensvorgang bearbeiten und dem K\u00e4ufer schriftlich (E-Mail) \u00fcber die folgenden M\u00f6glichkeiten informieren:<br \/>\n\u2013 Nachbearbeitung des beanstanden Artikels,<br \/>\n\u2013\u00a0 Ersatzlieferung,<br \/>\n\u2013\u00a0 R\u00fcckerstattung des Kaufpreises.<\/p>\n<p>&nbsp;<\/p>\n<p>[\/spb_text_block]<\/p>\n","protected":false},"excerpt":{"rendered":"<p>[spb_text_block animation=&#8220;none&#8220; animation_delay=&#8220;0&#8243; simplified_controls=&#8220;no&#8220; custom_css_percentage=&#8220;yes&#8220; padding_vertical=&#8220;0&#8243; padding_horizontal=&#8220;0&#8243; margin_vertical=&#8220;0&#8243; custom_css=&#8220;margin-top: 0%;margin-bottom: 0%;padding-left: 15%;padding-right: 15%;&#8220; border_size=&#8220;0&#8243; border_styling_global=&#8220;default&#8220; width=&#8220;1\/1&#8243; el_position=&#8220;first last&#8220;] Angaben zum Versand Die Versandkosten f\u00fcr Deutschland betragen pauschal \u00a04,50 Euro (via DHL). Ab einem Warenwert von mehr als 100 Euro fallen keine Versandkosten an (Lieferort Deutschland).\u00a0Wir versenden auch in folgende L\u00e4nder: \u00d6sterreich, Belgien, Luxemburg, Niederlande, Frankreich,&hellip;<\/p>\n","protected":false},"author":2,"featured_media":0,"parent":0,"menu_order":0,"comment_status":"closed","ping_status":"closed","template":"","meta":{"footnotes":""},"class_list":["post-14927","page","type-page","status-publish","hentry","description-off"],"_links":{"self":[{"href":"https:\/\/youngandbrave.fr\/de\/wp-json\/wp\/v2\/pages\/14927","targetHints":{"allow":["GET"]}}],"collection":[{"href":"https:\/\/youngandbrave.fr\/de\/wp-json\/wp\/v2\/pages"}],"about":[{"href":"https:\/\/youngandbrave.fr\/de\/wp-json\/wp\/v2\/types\/page"}],"author":[{"embeddable":true,"href":"https:\/\/youngandbrave.fr\/de\/wp-json\/wp\/v2\/users\/2"}],"replies":[{"embeddable":true,"href":"https:\/\/youngandbrave.fr\/de\/wp-json\/wp\/v2\/comments?post=14927"}],"version-history":[{"count":27,"href":"https:\/\/youngandbrave.fr\/de\/wp-json\/wp\/v2\/pages\/14927\/revisions"}],"predecessor-version":[{"id":69172,"href":"https:\/\/youngandbrave.fr\/de\/wp-json\/wp\/v2\/pages\/14927\/revisions\/69172"}],"wp:attachment":[{"href":"https:\/\/youngandbrave.fr\/de\/wp-json\/wp\/v2\/media?parent=14927"}],"curies":[{"name":"wp","href":"https:\/\/api.w.org\/{rel}","templated":true}]}}